{"id":1939,"date":"2024-05-14T00:04:33","date_gmt":"2024-05-13T22:04:33","guid":{"rendered":"https:\/\/puertoaventurasyachting.com\/?page_id=1939"},"modified":"2024-05-14T00:09:11","modified_gmt":"2024-05-13T22:09:11","slug":"terms-and-conditions","status":"publish","type":"page","link":"https:\/\/puertoaventurasyachting.com\/es\/terms-and-conditions\/","title":{"rendered":"Terms and conditions"},"content":{"rendered":"<div data-elementor-type=\"wp-page\" data-elementor-id=\"1939\" class=\"elementor elementor-1939\" data-elementor-post-type=\"page\">\n\t\t\t\t<div class=\"elementor-element elementor-element-a2851ce e-flex e-con-boxed qodef-elementor-content-no e-con e-parent\" data-id=\"a2851ce\" data-element_type=\"container\" data-e-type=\"container\">\n\t\t\t\t\t<div class=\"e-con-inner\">\n\t\t\t\t<div class=\"elementor-element elementor-element-50ed71f elementor-widget elementor-widget-heading\" data-id=\"50ed71f\" data-element_type=\"widget\" data-e-type=\"widget\" data-widget_type=\"heading.default\">\n\t\t\t\t<div class=\"elementor-widget-container\">\n\t\t\t\t\t<h1 class=\"elementor-heading-title elementor-size-default\">Yacht Charter Booking Terms &amp; Conditions \n<\/h1>\t\t\t\t<\/div>\n\t\t\t\t<\/div>\n\t\t\t\t<div class=\"elementor-element elementor-element-fd6cfaf elementor-widget elementor-widget-text-editor\" data-id=\"fd6cfaf\" data-element_type=\"widget\" data-e-type=\"widget\" data-widget_type=\"text-editor.default\">\n\t\t\t\t<div class=\"elementor-widget-container\">\n\t\t\t\t\t\t\t\t\t<p><strong>RESERVA\u00a0<\/strong><\/p><p>Esta confirmaci\u00f3n inicia autom\u00e1ticamente los t\u00e9rminos a continuaci\u00f3n que se publican en nuestra hoja de tarifas y en nuestro sitio web. Su Contrato es con Puerto Aventuras Yachting. Al reservar un tour o experiencia con nosotros significa que ha le\u00eddo y aceptado las condiciones de reserva. El l\u00edder del grupo, en adelante denominado el 'Fletador', ser\u00e1 responsable del costo total del recorrido o experiencia, incluidas las primas de seguro y los cargos de cancelaci\u00f3n o modificaci\u00f3n. Un contrato existe tan pronto como Puerto Aventuras Yachting emite su factura. Debe verificar los detalles de su factura cuidadosamente para asegurarse de que refleje con precisi\u00f3n la reserva y los cargos basados \u200b\u200ben el tour o experiencia y\/o los extras que haya solicitado e informarnos de inmediato sobre cualquier discrepancia o cambio. Puerto Aventuras Yachting puede delegar el cumplimiento de cualquier parte de este acuerdo a sus afiliados, empleados, funcionarios, directores y\/o agentes.\u00a0<\/p><p><strong>T\u00c9RMINOS DE PAGO\u00a0<\/strong><\/p><p>Se debe registrar una tarjeta de cr\u00e9dito como garant\u00eda en el momento de la reserva. Se debe pagar entre el 10% y el 30% de la tarifa de dep\u00f3sito del alquiler al realizar la reserva en el momento de la reserva y se realizar\u00e1 un cargo en su tarjeta de cr\u00e9dito por el monto del dep\u00f3sito tan pronto como se confirme su reserva. Este proceso puede tardar hasta 12h. El importe del dep\u00f3sito puede variar seg\u00fan el tipo de tour o experiencia. El saldo restante se cargar\u00e1 24h antes del embarque, excepto los pagos que se realizar\u00e1n en efectivo, que deber\u00e1n realizarse antes de embarcar en uno de nuestros barcos. Antes del embarque, el Impuesto de Tasas Marinas se cobrar\u00e1 en efectivo.\u00a0<\/p><p><strong>T\u00c9RMINOS DE CANCELACI\u00d3N\u00a0<\/strong><\/p><p>Las cancelaciones por condiciones clim\u00e1ticas son una decisi\u00f3n exclusiva de Puerto Aventuras Yachting y se comunicar\u00e1n al fletador o l\u00edder del grupo por correo electr\u00f3nico o tel\u00e9fono antes de que comience el tour o experiencia. Si se realiza una cancelaci\u00f3n debido al clima y el fletador o l\u00edder del grupo y Puerto Aventuras Yachting no pueden encontrar una fecha para reprogramar el tour o la experiencia, Puerto Aventuras Yachting realizar\u00e1 un reembolso completo de cualquier dep\u00f3sito pagado por el fletador o l\u00edder del grupo.\u00a0<\/p><p>Puerto Aventuras Yachting se reserva el derecho de cancelar un tour o experiencia y esto se comunicar\u00e1 al fletador o l\u00edder del grupo por correo electr\u00f3nico o por tel\u00e9fono antes de que comience el tour y Puerto Aventuras Yachting realizar\u00e1 un reembolso completo de cualquier dep\u00f3sito pagado por el fletador o l\u00edder del grupo. .\u00a0<\/p><p>Cualquier cambio de fechas, destino o tipo de embarcaci\u00f3n por parte del fletador o l\u00edder del grupo se considera una cancelaci\u00f3n. Si alg\u00fan pago programado por parte del Arrendatario no ha sido recibido antes de la fecha de vencimiento del pago, Puerto Aventuras Yachting se reserva el derecho de cancelar el alquiler y retener todos los dep\u00f3sitos y tarifas pagados hasta la fecha.\u00a0<\/p><p>Las siguientes restricciones aplican para cancelaciones realizadas por el cliente:\u00a0<\/p><ul><li>Cancelaciones justificadas por COVID-19 ser\u00e1n 100% reembolsables<\/li><li>Hasta 14 d\u00edas antes del alquiler, reembolso del 95% del valor del tour.\u00a0<\/li><li>13 \u2013 7 d\u00edas antes del alquiler, reembolso del 65% del valor del tour\u00a0<\/li><li>Menos de 6 d\u00edas antes del alquiler no es reembolsable\u00a0<\/li><\/ul><p>\u00a0<\/p><p><strong>DELIVERY\u00a0<\/strong><\/p><p>Puerto Aventuras Yachting entregar\u00e1 el Barco o Yate, en el puerto de inicio en la fecha de inicio especificada, en plena comisi\u00f3n y listo para el servicio. El fletador debe examinar la embarcaci\u00f3n antes de la salida para determinar si est\u00e1 en buen estado de funcionamiento y si est\u00e1 equipada adecuadamente con todos los equipos, accesorios y utensilios de seguridad est\u00e1ndar, as\u00ed como cualquier otro art\u00edculo solicitado. La aceptaci\u00f3n por parte del Arrendatario certifica que se han cumplido las obligaciones de Puerto Aventuras Yachting en materia de entrega. Si Puerto Aventuras Yachting no puede entregar la embarcaci\u00f3n o un sustituto dentro de las 24 horas posteriores al tiempo de entrega especificado, el Arrendatario podr\u00e1 cancelar este acuerdo y se reembolsar\u00e1 la tarifa total pagada. En caso de que el Arrendatario no est\u00e9 presente o no est\u00e9 listo para aceptar la entrega de la embarcaci\u00f3n por cualquier motivo en el momento y lugar especificados, Puerto Aventuras Yachting se reserva el derecho de restablecer el tiempo de entrega dentro de un per\u00edodo de 24 horas posteriores.<\/p><p><strong>DA\u00d1OS ACCIDENTALES, MUERTE Y LESIONES<\/strong> <br \/>Puerto Aventuras Yachting proh\u00edbe estrictamente el uso o consumo de drogas ilegales en sus embarcaciones o en sus instalaciones. El consumo de alcohol o drogas puede aumentar el riesgo de lesiones en el agua y en los barcos, y el fletador y sus pasajeros aceptan ese riesgo. Puerto Aventuras Yachting quedar\u00e1 exento de toda reclamaci\u00f3n o responsabilidad por da\u00f1os a la propiedad, lesiones personales o muerte que surjan o est\u00e9n relacionados, directa o indirectamente, con el uso o consumo de alcohol o drogas, incluso si los da\u00f1os a la propiedad, lesiones personales o la muerte es causada total o parcialmente por negligencia de la tripulaci\u00f3n. Esto de ninguna manera limitar\u00e1 o disminuir\u00e1 la responsabilidad de Puerto Aventuras Yachting por su negligencia cuando el da\u00f1o a la propiedad, lesi\u00f3n personal o muerte no surja o est\u00e9 relacionado, directa o indirectamente, con el uso o consumo de alcohol o drogas. <\/p><p><strong>BUCEO Y NATACI\u00d3N<\/strong> <br \/>Puerto Aventuras Yachting, el propietario del barco o yate y los aseguradores no ser\u00e1n responsables por accidentes, lesiones o muerte debido a la nataci\u00f3n, el windsurf, el kayak o el uso de snorkel, m\u00e1scaras o equipos afines como equipo de buceo y tablas de vela. <\/p><p><strong>GASTOS DE FUNCIONAMIENTO<\/strong> <br \/>El fletador acepta pagar cualquier gasto de funcionamiento adicional durante la vigencia del fletamento, que no haya sido pagado por adelantado como parte del paquete de fletamento. Dichos gastos corrientes adicionales pueden incluir, entre otros: <\/p><ul><li>Tiendas de alimentos y otros consumibles.<\/li><li>Fuel<\/li><li>Pilotage<\/li><li>Mooring<\/li><li>Docking fees<\/li><li>Port charges<\/li><li>Cruising taxes<\/li><li>Park permits<\/li><li>Customs<\/li><li>Provisions<\/li><li>Suministros para el fletador y su grupo.<\/li><\/ul><p>\u00a0<\/p><p><strong>COBERTURA DE SEGURO DE EQUIPOS Y BARCOS \/ YATES<\/strong> <br \/>Nuestra p\u00f3liza de seguro proporciona una cobertura completa y adecuada para el equipo y los yates de su patr\u00f3n y tripulaci\u00f3n. La Compa\u00f1\u00eda no se hace responsable de ninguna p\u00e9rdida que pueda sufrir como resultado de que las aseguradoras rechacen la cobertura, incluidas, entre otras, las que se deban a que usted proporcione informaci\u00f3n incorrecta, como experiencia previa de navegaci\u00f3n, cuando se le solicite, o debido a su negligencia, incumplimiento deliberado o dolo. En caso de que se produzcan da\u00f1os o p\u00e9rdidas en embarcaciones, yates y equipos como resultado de no obedecer las instrucciones de la Compa\u00f1\u00eda, usted ser\u00e1 responsable del monto total de la reparaci\u00f3n o reemplazo y de los costos resultantes. Los adultos ser\u00e1n en todo momento responsables de los menores a su cargo. La Compa\u00f1\u00eda se compromete a asegurar y mantener asegurado el barco o yate contra responsabilidad p\u00fablica y responsabilidad p\u00fablica mar\u00edtima en la medida que la Compa\u00f1\u00eda, a su absoluta discreci\u00f3n, considere apropiado. Dicha p\u00f3liza de seguro no cubre la p\u00e9rdida de vida (excepto la causada por negligencia de la Compa\u00f1\u00eda), o da\u00f1os o p\u00e9rdida de propiedad de cualquier persona a bordo contra la cual usted debe asegurarse antes del contrato. <br \/>*La Compa\u00f1\u00eda ofrece asesoramiento sobre dichos seguros previa solicitud. <\/p><p><strong>RE-DELIVERY<\/strong> <br \/>El Arrendatario entregar\u00e1 el Barco o Yate al vencimiento del contrato en el puerto de liberaci\u00f3n especificado, libre y libre de cualquier endeudamiento y gravamen de cualquier tipo, y en condiciones y estado limpio como cuando se entreg\u00f3 (excepto el desgaste normal por el uso normal). y haber pasado debidamente la aduana. El Arrendatario es responsable de dar tiempo suficiente para contingencias imprevistas para permitir el regreso del Barco o Yate en el momento indicado. Si el Arrendatario no realiza la reentrega del Barco o Yate en el momento y lugar aqu\u00ed estipulados anteriormente por cualquier causa, distinta a la ocasionada por un suceso fuera del control del Arrendatario, el Arrendatario pagar\u00e1 una tarifa de fletamento prorrateada por el tiempo que dicha entrega se retrasa m\u00e1s cualquier p\u00e9rdida que Puerto Aventuras Yachting o el propietario del Barco o Yate pueda sufrir debido a la entrega retrasada. El fletador entregar\u00e1 el equipo del buque en tan buenas condiciones como se entreg\u00f3, excepto el desgaste normal. Si el Barco o Yate requiere una limpieza inusual, Puerto Aventuras Yachting podr\u00e1 cobrar al Arrendatario en consecuencia. <\/p><p><strong>USO RESTRINGIDO<\/strong> <br \/>El yate se emplear\u00e1 exclusivamente como embarcaci\u00f3n de recreo para el uso exclusivo y adecuado del fletador, su familia, invitados, empleados y agentes, durante la vigencia de este contrato y no transportar\u00e1 mercanc\u00edas ni transportar\u00e1 pasajeros a cambio de pago ni participar\u00e1 en ning\u00fan comercio, ni de ninguna manera violar las leyes de M\u00e9xico o de cualquier otro gobierno dentro de cuya jurisdicci\u00f3n se encuentre el Barco o Yate en ese momento y cumplir\u00e1 con la ley en todos los dem\u00e1s aspectos. El Arrendatario se compromete a restringir el uso del Barco o Yate al \u201c\u00e1rea de crucero\u201d definida en la hoja de informaci\u00f3n b\u00e1sica que se le proporcion\u00f3. <br \/>Est\u00e1 estrictamente prohibido hacer rafting hasta otro barco fondeado. No se permite la navegaci\u00f3n nocturna (entre 30 minutos antes del atardecer y 30 minutos despu\u00e9s del amanecer) por parte del fletador debido a una mala referencia visual. <\/p><p><strong>NO ASIGNACI\u00d3N<\/strong> <br \/>El Arrendatario no ceder\u00e1 este contrato ni subalquilar\u00e1 el Barco o Yate sin el consentimiento previo por escrito de Puerto Aventuras Yachting. Puerto Aventuras Yachting podr\u00e1 ceder sus derechos a los pagos conforme al contrato de fletamento. <\/p><p><strong>COMPETENCY<\/strong> <br \/>El fletador certifica que tiene experiencia y competencia en el manejo y operaci\u00f3n de embarcaciones de vela intraborda de motor auxiliar del tipo y tama\u00f1o general del barco o yate alquilado y que el fletador tambi\u00e9n ha tenido suficientes conocimientos pr\u00e1cticos de n\u00e1utica, pilotaje y reglas. del Camino. El Arrendatario no delegar\u00e1 ninguno de estos deberes a ninguna persona que no est\u00e9 igualmente calificada. El fletador se compromete a no navegar el barco o yate en solitario y a asegurarse en todo momento de que haya a bordo un patr\u00f3n competente y un miembro l\u00edder de la tripulaci\u00f3n, excepto cuando est\u00e9 amarrado de forma segura. Puerto Aventuras Yachting podr\u00e1, a su exclusivo criterio, verificar la competencia del Arrendatario o de la tripulaci\u00f3n l\u00edder al momento del alquiler. Si Puerto Aventuras Yachting, a su entera discreci\u00f3n, considera que el fletador o la tripulaci\u00f3n l\u00edder no es completamente competente, puede proporcionarle al fletador, a sus expensas, una mano de obra contratada para ayudar al fletador a lograr la competencia. En caso de que no haya una mano de obra contratada disponible, Puerto Aventuras Yachting puede restringir el uso del barco o yate por parte del fletador a la ocupaci\u00f3n del yate por parte del arrendatario en el muelle de Puerto Aventuras Yachting hasta que haya una mano de obra contratada adecuada disponible. El Arrendatario reconoce que Puerto Aventuras Yachting no investiga de forma independiente la competencia de ning\u00fan Arrendatario para navegar, sino que se basa \u00fanica y exclusivamente en los curr\u00edculums proporcionados. El Arrendatario reconoce adem\u00e1s que Puerto Aventuras Yachting, a su entera discreci\u00f3n, puede negarse a liberar un Barco o Yate para navegar, pero este ejercicio de discreci\u00f3n de ninguna manera se interpretar\u00e1 como un reconocimiento o determinaci\u00f3n de la competencia para la navegaci\u00f3n de la tripulaci\u00f3n del Arrendatario o del asunci\u00f3n de cualquier responsabilidad por p\u00e9rdidas o da\u00f1os incurridos como resultado de la navegaci\u00f3n, de los cuales el Arrendatario asume la responsabilidad exclusiva. <\/p><p><strong>TERMINACI\u00d3N DE VACACIONES E INDEMNIZACI\u00d3N<\/strong> <br \/>El fletador acepta la responsabilidad por la conducta adecuada de s\u00ed mismo y de su grupo. Nos reservamos el derecho, a nuestra absoluta discreci\u00f3n, de rescindir sin previo aviso los arreglos de vacaciones para cualquier fletador que se niegue a cumplir con las instrucciones u \u00f3rdenes de la compa\u00f1\u00eda y el capit\u00e1n y cuyo comportamiento o competencia, en nuestra opini\u00f3n, pueda causar angustia, da\u00f1o, peligro o molestia <br \/>a su tripulaci\u00f3n, otros clientes, personal, terceros o a la propiedad. Tras dicha terminaci\u00f3n, las compa\u00f1\u00edas responsables de las vacaciones del Charter cesar\u00e1n y no ser\u00e1n responsables de ning\u00fan costo incurrido por el Arrendatario. <\/p><p><strong>CREW<\/strong> <br \/>Puerto Aventuras Yachting proporcionar\u00e1 un patr\u00f3n\/gu\u00eda competente para el Arrendatario si as\u00ed lo solicita con antelaci\u00f3n. Aunque el Arrendatario ejercer\u00e1 control sobre el Barco o Yate, el Arrendatario depender\u00e1 del patr\u00f3n\/gu\u00eda para la navegaci\u00f3n segura del Yate y deber\u00e1 acatar los juicios del patr\u00f3n\/gu\u00eda en cuanto a navegaci\u00f3n, clima, fondeaderos y asuntos pertinentes. El Arrendatario no tendr\u00e1 la autoridad para despedir al patr\u00f3n\/gu\u00eda sin el consentimiento previo de Puerto Aventuras Yachting.<\/p><p><strong>MISCELLANEOUS<\/strong> <br \/>Se entiende que Puerto Aventuras Yachting act\u00faa en nombre y representaci\u00f3n del propietario del Barco o Yate. Ni Puerto Aventuras Yachting ni el propietario ser\u00e1n responsables ante ninguna persona por cualquier p\u00e9rdida, da\u00f1o, lesi\u00f3n o muerte que resulte del uso del Barco o Yate por parte del Arrendatario. Puerto Aventuras Yachting no hace ninguna representaci\u00f3n distinta a las contenidas en este Contrato, el folleto actual de Puerto Aventuras Yachting y cualquier material escrito proporcionado como parte de los procedimientos de reserva. Puerto Aventuras Yachting no ser\u00e1 responsable de ninguna tarifa, gasto, boleto a\u00e9reo, habitaci\u00f3n de hotel, comida, llamada telef\u00f3nica u otros gastos incurridos por el Arrendatario por cualquier motivo. El Arrendatario indemnizar\u00e1 y eximir\u00e1 a Puerto Aventuras Yachting y al propietario del Barco o Yate de cualquier reclamo por p\u00e9rdida o da\u00f1o a la propiedad o lesiones a personas (incluida la p\u00e9rdida de vidas) que resulten del uso, operaci\u00f3n o posesi\u00f3n. del barco o yate y el equipo relacionado u otro inventario por parte del fletador o de cualquier tripulaci\u00f3n, y de cualquier reclamaci\u00f3n por p\u00e9rdida o da\u00f1o a la propiedad personal del fletador o de cualquier tripulaci\u00f3n transportada en el barco, yate o bote auxiliar. Este Acuerdo se interpretar\u00e1 de conformidad con las leyes del estado de Quintana Roo, M\u00e9xico. <\/p><p><strong>BEBIDA ALIMENTICIA<\/strong> <br \/>'El consumo de carnes, aves, mariscos, mariscos o huevos crudos o poco cocidos puede aumentar el riesgo de enfermedades transmitidas por los alimentos, especialmente si tiene ciertas afecciones m\u00e9dicas'.<\/p>\t\t\t\t\t\t\t\t<\/div>\n\t\t\t\t<\/div>\n\t\t\t\t\t<\/div>\n\t\t\t\t<\/div>\n\t\t\t\t<\/div>","protected":false},"excerpt":{"rendered":"<p>Yacht Charter Booking Terms &#038; Conditions RESERVATION\u00a0 This confirmation automatically initiates the terms below which are published in our rate sheet and on our website. Your Contract is with Puerto Aventuras Yachting by reserving a tour or experience with us means you have read and accepted the booking conditions. The party leader, hereinafter referred to [&hellip;]<\/p>\n","protected":false},"author":1,"featured_media":0,"parent":0,"menu_order":0,"comment_status":"closed","ping_status":"closed","template":"elementor_header_footer","meta":{"footnotes":""},"class_list":["post-1939","page","type-page","status-publish","hentry"],"yoast_head":"<!-- This site is optimized with the Yoast SEO plugin v26.8 - https:\/\/yoast.com\/product\/yoast-seo-wordpress\/ -->\n<title>Terms and conditions - Puerto Aventuras Yachting<\/title>\n<meta name=\"robots\" content=\"index, follow, max-snippet:-1, max-image-preview:large, max-video-preview:-1\" \/>\n<link rel=\"canonical\" href=\"https:\/\/puertoaventurasyachting.com\/es\/terms-and-conditions\/\" \/>\n<meta property=\"og:locale\" content=\"es_MX\" \/>\n<meta property=\"og:type\" content=\"article\" \/>\n<meta property=\"og:title\" content=\"Terms and conditions - Puerto Aventuras Yachting\" \/>\n<meta property=\"og:description\" content=\"Yacht Charter Booking Terms &#038; Conditions RESERVATION\u00a0 This confirmation automatically initiates the terms below which are published in our rate sheet and on our website. Your Contract is with Puerto Aventuras Yachting by reserving a tour or experience with us means you have read and accepted the booking conditions. The party leader, hereinafter referred to [&hellip;]\" \/>\n<meta property=\"og:url\" content=\"https:\/\/puertoaventurasyachting.com\/es\/terms-and-conditions\/\" \/>\n<meta property=\"og:site_name\" content=\"Puerto Aventuras Yachting\" \/>\n<meta property=\"article:publisher\" content=\"https:\/\/www.facebook.com\/PuertoAventurasYachting\" \/>\n<meta property=\"article:modified_time\" content=\"2024-05-13T22:09:11+00:00\" \/>\n<meta name=\"twitter:card\" content=\"summary_large_image\" \/>\n<meta name=\"twitter:label1\" content=\"Tiempo de lectura\" \/>\n\t<meta name=\"twitter:data1\" content=\"11 minutos\" \/>\n<script type=\"application\/ld+json\" class=\"yoast-schema-graph\">{\"@context\":\"https:\/\/schema.org\",\"@graph\":[{\"@type\":\"WebPage\",\"@id\":\"https:\/\/puertoaventurasyachting.com\/terms-and-conditions\/\",\"url\":\"https:\/\/puertoaventurasyachting.com\/terms-and-conditions\/\",\"name\":\"Terms and conditions - Puerto Aventuras Yachting\",\"isPartOf\":{\"@id\":\"https:\/\/puertoaventurasyachting.com\/#website\"},\"datePublished\":\"2024-05-13T22:04:33+00:00\",\"dateModified\":\"2024-05-13T22:09:11+00:00\",\"breadcrumb\":{\"@id\":\"https:\/\/puertoaventurasyachting.com\/terms-and-conditions\/#breadcrumb\"},\"inLanguage\":\"es\",\"potentialAction\":[{\"@type\":\"ReadAction\",\"target\":[\"https:\/\/puertoaventurasyachting.com\/terms-and-conditions\/\"]}]},{\"@type\":\"BreadcrumbList\",\"@id\":\"https:\/\/puertoaventurasyachting.com\/terms-and-conditions\/#breadcrumb\",\"itemListElement\":[{\"@type\":\"ListItem\",\"position\":1,\"name\":\"Home\",\"item\":\"https:\/\/puertoaventurasyachting.com\/\"},{\"@type\":\"ListItem\",\"position\":2,\"name\":\"Terms and conditions\"}]},{\"@type\":\"WebSite\",\"@id\":\"https:\/\/puertoaventurasyachting.com\/#website\",\"url\":\"https:\/\/puertoaventurasyachting.com\/\",\"name\":\"Puerto Aventuras Yachting\",\"description\":\"\",\"publisher\":{\"@id\":\"https:\/\/puertoaventurasyachting.com\/#organization\"},\"potentialAction\":[{\"@type\":\"SearchAction\",\"target\":{\"@type\":\"EntryPoint\",\"urlTemplate\":\"https:\/\/puertoaventurasyachting.com\/?s={search_term_string}\"},\"query-input\":{\"@type\":\"PropertyValueSpecification\",\"valueRequired\":true,\"valueName\":\"search_term_string\"}}],\"inLanguage\":\"es\"},{\"@type\":\"Organization\",\"@id\":\"https:\/\/puertoaventurasyachting.com\/#organization\",\"name\":\"Puerto Aventuras Yachting\",\"url\":\"https:\/\/puertoaventurasyachting.com\/\",\"logo\":{\"@type\":\"ImageObject\",\"inLanguage\":\"es\",\"@id\":\"https:\/\/puertoaventurasyachting.com\/#\/schema\/logo\/image\/\",\"url\":\"https:\/\/puertoaventurasyachting.com\/wp-content\/uploads\/2024\/05\/Logo_Web-02.png\",\"contentUrl\":\"https:\/\/puertoaventurasyachting.com\/wp-content\/uploads\/2024\/05\/Logo_Web-02.png\",\"width\":640,\"height\":480,\"caption\":\"Puerto Aventuras Yachting\"},\"image\":{\"@id\":\"https:\/\/puertoaventurasyachting.com\/#\/schema\/logo\/image\/\"},\"sameAs\":[\"https:\/\/www.facebook.com\/PuertoAventurasYachting\",\"https:\/\/instagram.com\/PuertoAventurasYachting\"]}]}<\/script>\n<!-- \/ Yoast SEO plugin. -->","yoast_head_json":{"title":"Terms and conditions - Puerto Aventuras Yachting","robots":{"index":"index","follow":"follow","max-snippet":"max-snippet:-1","max-image-preview":"max-image-preview:large","max-video-preview":"max-video-preview:-1"},"canonical":"https:\/\/puertoaventurasyachting.com\/es\/terms-and-conditions\/","og_locale":"es_MX","og_type":"article","og_title":"Terms and conditions - Puerto Aventuras Yachting","og_description":"Yacht Charter Booking Terms &#038; Conditions RESERVATION\u00a0 This confirmation automatically initiates the terms below which are published in our rate sheet and on our website. Your Contract is with Puerto Aventuras Yachting by reserving a tour or experience with us means you have read and accepted the booking conditions. The party leader, hereinafter referred to [&hellip;]","og_url":"https:\/\/puertoaventurasyachting.com\/es\/terms-and-conditions\/","og_site_name":"Puerto Aventuras Yachting","article_publisher":"https:\/\/www.facebook.com\/PuertoAventurasYachting","article_modified_time":"2024-05-13T22:09:11+00:00","twitter_card":"summary_large_image","twitter_misc":{"Tiempo de lectura":"11 minutos"},"schema":{"@context":"https:\/\/schema.org","@graph":[{"@type":"WebPage","@id":"https:\/\/puertoaventurasyachting.com\/terms-and-conditions\/","url":"https:\/\/puertoaventurasyachting.com\/terms-and-conditions\/","name":"Terms and conditions - Puerto Aventuras Yachting","isPartOf":{"@id":"https:\/\/puertoaventurasyachting.com\/#website"},"datePublished":"2024-05-13T22:04:33+00:00","dateModified":"2024-05-13T22:09:11+00:00","breadcrumb":{"@id":"https:\/\/puertoaventurasyachting.com\/terms-and-conditions\/#breadcrumb"},"inLanguage":"es","potentialAction":[{"@type":"ReadAction","target":["https:\/\/puertoaventurasyachting.com\/terms-and-conditions\/"]}]},{"@type":"BreadcrumbList","@id":"https:\/\/puertoaventurasyachting.com\/terms-and-conditions\/#breadcrumb","itemListElement":[{"@type":"ListItem","position":1,"name":"Home","item":"https:\/\/puertoaventurasyachting.com\/"},{"@type":"ListItem","position":2,"name":"Terms and conditions"}]},{"@type":"WebSite","@id":"https:\/\/puertoaventurasyachting.com\/#website","url":"https:\/\/puertoaventurasyachting.com\/","name":"Puerto Aventuras Yachting","description":"","publisher":{"@id":"https:\/\/puertoaventurasyachting.com\/#organization"},"potentialAction":[{"@type":"SearchAction","target":{"@type":"EntryPoint","urlTemplate":"https:\/\/puertoaventurasyachting.com\/?s={search_term_string}"},"query-input":{"@type":"PropertyValueSpecification","valueRequired":true,"valueName":"search_term_string"}}],"inLanguage":"es"},{"@type":"Organization","@id":"https:\/\/puertoaventurasyachting.com\/#organization","name":"Puerto Aventuras Yachting","url":"https:\/\/puertoaventurasyachting.com\/","logo":{"@type":"ImageObject","inLanguage":"es","@id":"https:\/\/puertoaventurasyachting.com\/#\/schema\/logo\/image\/","url":"https:\/\/puertoaventurasyachting.com\/wp-content\/uploads\/2024\/05\/Logo_Web-02.png","contentUrl":"https:\/\/puertoaventurasyachting.com\/wp-content\/uploads\/2024\/05\/Logo_Web-02.png","width":640,"height":480,"caption":"Puerto Aventuras Yachting"},"image":{"@id":"https:\/\/puertoaventurasyachting.com\/#\/schema\/logo\/image\/"},"sameAs":["https:\/\/www.facebook.com\/PuertoAventurasYachting","https:\/\/instagram.com\/PuertoAventurasYachting"]}]}},"_links":{"self":[{"href":"https:\/\/puertoaventurasyachting.com\/es\/wp-json\/wp\/v2\/pages\/1939","targetHints":{"allow":["GET"]}}],"collection":[{"href":"https:\/\/puertoaventurasyachting.com\/es\/wp-json\/wp\/v2\/pages"}],"about":[{"href":"https:\/\/puertoaventurasyachting.com\/es\/wp-json\/wp\/v2\/types\/page"}],"author":[{"embeddable":true,"href":"https:\/\/puertoaventurasyachting.com\/es\/wp-json\/wp\/v2\/users\/1"}],"replies":[{"embeddable":true,"href":"https:\/\/puertoaventurasyachting.com\/es\/wp-json\/wp\/v2\/comments?post=1939"}],"version-history":[{"count":0,"href":"https:\/\/puertoaventurasyachting.com\/es\/wp-json\/wp\/v2\/pages\/1939\/revisions"}],"wp:attachment":[{"href":"https:\/\/puertoaventurasyachting.com\/es\/wp-json\/wp\/v2\/media?parent=1939"}],"curies":[{"name":"wp","href":"https:\/\/api.w.org\/{rel}","templated":true}]}}