{"id":3,"date":"2024-05-03T21:25:43","date_gmt":"2024-05-03T19:25:43","guid":{"rendered":"https:\/\/puertoaventurasyachting.com\/?page_id=3"},"modified":"2024-05-14T00:01:01","modified_gmt":"2024-05-13T22:01:01","slug":"privacy-policy","status":"publish","type":"page","link":"https:\/\/puertoaventurasyachting.com\/es\/privacy-policy\/","title":{"rendered":"Pol\u00edtica de privacidad"},"content":{"rendered":"<div data-elementor-type=\"wp-page\" data-elementor-id=\"3\" class=\"elementor elementor-3\" data-elementor-post-type=\"page\">\n\t\t\t\t<div class=\"elementor-element elementor-element-a2851ce e-flex e-con-boxed qodef-elementor-content-no e-con e-parent\" data-id=\"a2851ce\" data-element_type=\"container\" data-e-type=\"container\">\n\t\t\t\t\t<div class=\"e-con-inner\">\n\t\t\t\t<div class=\"elementor-element elementor-element-50ed71f elementor-widget elementor-widget-heading\" data-id=\"50ed71f\" data-element_type=\"widget\" data-e-type=\"widget\" data-widget_type=\"heading.default\">\n\t\t\t\t<div class=\"elementor-widget-container\">\n\t\t\t\t\t<h1 class=\"elementor-heading-title elementor-size-default\">Pol\u00edtica de privacidad<\/h1>\t\t\t\t<\/div>\n\t\t\t\t<\/div>\n\t\t\t\t<div class=\"elementor-element elementor-element-fd6cfaf elementor-widget elementor-widget-text-editor\" data-id=\"fd6cfaf\" data-element_type=\"widget\" data-e-type=\"widget\" data-widget_type=\"text-editor.default\">\n\t\t\t\t<div class=\"elementor-widget-container\">\n\t\t\t\t\t\t\t\t\t<p>Fecha de vigencia: enero de 2024 &gt;&gt;&gt;<\/p>\n<p>Puerto Aventuras Yachting (\u201cnosotros\u201d, \u201cnosotros\u201d o \u201cnuestro\u201d) opera el sitio web https:\/\/www.puertoaventurasyachting.com (el \u201cServicio\u201d).<\/p>\n<p>Esta p\u00e1gina le informa sobre nuestras pol\u00edticas con respecto a la recopilaci\u00f3n, uso y divulgaci\u00f3n de datos personales cuando utiliza nuestro Servicio y las opciones que tiene asociadas con esos datos. Nuestra Pol\u00edtica de Privacidad para Blue Compass se gestiona a trav\u00e9s de nuestro sitio web.<\/p>\n<p>Utilizamos sus datos para proporcionar y mejorar el Servicio. Al utilizar el Servicio, usted acepta la recopilaci\u00f3n y el uso de informaci\u00f3n de acuerdo con esta pol\u00edtica. A menos que se defina lo contrario en esta Pol\u00edtica de Privacidad, los t\u00e9rminos utilizados en esta Pol\u00edtica de Privacidad tienen el mismo significado que en nuestros T\u00e9rminos y Condiciones, accesibles desde<br \/>https:\/\/www.puertoaventurasyachting.com<\/p>\n<p><strong>Recopilaci\u00f3n y uso de informaci\u00f3n<\/strong><br \/>Recopilamos varios tipos diferentes de informaci\u00f3n para diversos fines para brindarle y mejorar nuestro Servicio.<\/p>\n<p><strong>Tipos de datos recopilados<\/strong><\/p>\n<p><strong>Informaci\u00f3n personal<\/strong><br \/>Mientras utiliza nuestro Servicio, es posible que le solicitemos que nos proporcione cierta informaci\u00f3n de identificaci\u00f3n personal que pueda usarse para contactarlo o identificarlo (\u201cDatos personales\u201d). La informaci\u00f3n de identificaci\u00f3n personal puede incluir, entre otras:<\/p>\n<ul>\n<li>Datos de uso<\/li>\n<li>Direcci\u00f3n de correo electr\u00f3nico<\/li>\n<li>Nombre y apellido<\/li>\n<li>N\u00famero de tel\u00e9fono<\/li>\n<li>Direcci\u00f3n, Estado, Provincia, C\u00f3digo Postal, Ciudad<\/li>\n<li>Cookies y datos de uso<\/li>\n<li>Informaci\u00f3n del pago<\/li>\n<\/ul>\n<p>\u00a0<\/p>\n<p><strong>Datos de uso<\/strong><\/p>\n<p>Tambi\u00e9n podemos recopilar informaci\u00f3n sobre c\u00f3mo se accede y utiliza el Servicio ('Datos de uso'). Estos Datos de uso pueden incluir informaci\u00f3n como la direcci\u00f3n de Protocolo de Internet de su computadora (por ejemplo, direcci\u00f3n IP), tipo de navegador, versi\u00f3n del navegador, las p\u00e1ginas de nuestro Servicio que visita, la hora y fecha de su visita, el tiempo dedicado a esas p\u00e1ginas, informaci\u00f3n \u00fanica identificadores de dispositivos y otros datos de diagn\u00f3stico.<\/p>\n<p><strong>Datos de seguimiento y cookies<\/strong><br \/>Utilizamos cookies y tecnolog\u00edas de seguimiento similares para rastrear la actividad en nuestro Servicio y conservar cierta informaci\u00f3n. Las cookies son archivos con una peque\u00f1a cantidad de datos que pueden incluir un identificador \u00fanico an\u00f3nimo. Las cookies se env\u00edan a su navegador desde un sitio web y se almacenan en su dispositivo. Las tecnolog\u00edas de seguimiento que tambi\u00e9n se utilizan son balizas, etiquetas y scripts para recopilar y rastrear informaci\u00f3n y mejorar y analizar nuestro Servicio. Puede indicarle a su navegador que rechace todas las cookies o que indique cu\u00e1ndo se env\u00eda una cookie. Sin embargo, si no acepta las cookies, es posible que no pueda utilizar algunas partes de nuestra<br \/>Service.<\/p>\n<p>Ejemplos de cookies que utilizamos:<\/p>\n<ul>\n<li>Cookies de sesi\u00f3n. Utilizamos cookies de sesi\u00f3n para operar nuestro Servicio.<\/li>\n<li>Cookies de preferencia. Utilizamos cookies de preferencias para recordar sus preferencias y diversas configuraciones.<\/li>\n<li>Cookies de seguridad. Utilizamos cookies de seguridad por motivos de seguridad.<\/li>\n<\/ul>\n<p>\u00a0<\/p>\n<p><strong>Uso de datos <\/strong><br \/>PA Private Charters utiliza los datos recopilados para diversos fines:<\/p>\n<ul>\n<li>Para proporcionar y mantener el Servicio<\/li>\n<li>Para notificarle sobre cambios en nuestro Servicio<\/li>\n<li>Para permitirle participar en funciones interactivas de nuestro Servicio cuando usted elija hacerlo<\/li>\n<li>Para brindar atenci\u00f3n y soporte al cliente.<\/li>\n<li>Para proporcionar an\u00e1lisis o informaci\u00f3n valiosa para que podamos mejorar el Servicio.<\/li>\n<li>Para monitorear el uso del Servicio<\/li>\n<li>Detectar, prevenir y abordar problemas t\u00e9cnicos.<\/li>\n<\/ul>\n<p>\u00a0<\/p>\n<p><strong>Transferencia de datos<\/strong> <br \/>Su informaci\u00f3n, incluidos los Datos personales, puede transferirse y mantenerse en computadoras ubicadas fuera de su estado, provincia, pa\u00eds u otra jurisdicci\u00f3n gubernamental donde las leyes de protecci\u00f3n de datos pueden diferir de las de su jurisdicci\u00f3n. <br \/>Si se encuentra fuera de M\u00e9xico y decide proporcionarnos informaci\u00f3n, tenga en cuenta que transferimos los datos, incluidos los datos personales, a M\u00e9xico y los procesamos all\u00ed. <br \/>Su consentimiento a esta Pol\u00edtica de Privacidad seguido del env\u00edo de dicha informaci\u00f3n representa su aceptaci\u00f3n de esa transferencia. Puerto Aventuras Yachting tomar\u00e1 todas las medidas razonablemente necesarias para garantizar que sus datos sean tratados de forma segura y de acuerdo con esta Pol\u00edtica de Privacidad y no se realizar\u00e1 ninguna transferencia de sus Datos Personales a una organizaci\u00f3n o pa\u00eds a menos que existan controles adecuados establecidos, incluida la seguridad. de sus datos y otra informaci\u00f3n personal.<\/p>\n<p><strong>Divulgaci\u00f3n de datos<\/strong> <br \/><strong>Requerimientos legales <\/strong><br \/>Blue Compass puede divulgar sus Datos personales de buena fe cuando considere que dicha acci\u00f3n es necesaria para lo siguiente:<\/p>\n<ul>\n<li>Para cumplir con una obligaci\u00f3n legal<\/li>\n<li>Para proteger y defender los derechos o propiedad de Puerto Aventuras Yachting<\/li>\n<li>Para prevenir o investigar posibles irregularidades en relaci\u00f3n con el Servicio<\/li>\n<li>Para proteger la seguridad personal de los usuarios del Servicio o del p\u00fablico.<\/li>\n<li>Para protegerse contra la responsabilidad legal.<\/li>\n<\/ul>\n<p>\u00a0<\/p>\n<p><strong>Seguridad de los datos<\/strong><\/p>\n<p>La seguridad de sus datos es importante para nosotros, pero recuerde que ning\u00fan m\u00e9todo de transmisi\u00f3n a trav\u00e9s de Internet o m\u00e9todo de almacenamiento electr\u00f3nico es 100% seguro. Si bien nos esforzamos por utilizar medios comercialmente aceptables para proteger sus Datos personales, no podemos garantizar su seguridad absoluta.<\/p>\n<p><strong>Proveedores de servicio <\/strong><br \/>Podemos emplear empresas e individuos de terceros para facilitar nuestro Servicio (\u201cProveedores de servicios\u201d), para proporcionar el Servicio en nuestro nombre, para realizar servicios relacionados con el Servicio o para ayudarnos a analizar c\u00f3mo se utiliza nuestro Servicio. <br \/>Estos terceros tienen acceso a sus Datos personales solo para realizar estas tareas en nuestro nombre y est\u00e1n obligados a no divulgarlos ni utilizarlos para ning\u00fan otro prop\u00f3sito. <\/p>\n<p><strong>Anal\u00edticas <\/strong><br \/>Podemos utilizar proveedores de servicios externos para monitorear y analizar el uso de nuestro Servicio. <br \/>Google Analytics <br \/>Google Analytics es un servicio de an\u00e1lisis web ofrecido por Google que rastrea e informa el tr\u00e1fico del sitio web. Google utiliza los datos recopilados para rastrear y monitorear el uso de nuestro Servicio. Estos datos se comparten con otros servicios de Google. Google puede utilizar los datos recopilados para contextualizar y personalizar los anuncios de su propia red publicitaria. <br \/>Puede optar por no poner su actividad en el Servicio a disposici\u00f3n de Google Analytics instalando el complemento de exclusi\u00f3n voluntaria del navegador de Google Analytics. El complemento evita que el JavaScript de Google Analytics (ga.js, Analytics.js y dc.js) comparta informaci\u00f3n con Google Analytics sobre la actividad de las visitas. <br \/>Para obtener m\u00e1s informaci\u00f3n sobre las pr\u00e1cticas de privacidad de Google, visite la p\u00e1gina web T\u00e9rminos y privacidad de Google: <a href=\"https:\/\/policies.google.com\/privacy?hl=en\">https:\/\/policies.google.com\/privacy?hl=en<\/a><\/p>\n<p><strong>Enlaces a otros sitios <\/strong><br \/>Nuestro Servicio puede contener enlaces a otros sitios que no son operados por nosotros. Si hace clic en un enlace de un tercero, ser\u00e1 dirigido al sitio de ese tercero. Le recomendamos encarecidamente que revise la Pol\u00edtica de privacidad de cada sitio que visite. <br \/>No tenemos control ni asumimos ninguna responsabilidad por el contenido, las pol\u00edticas de privacidad o las pr\u00e1cticas de sitios o servicios de terceros. <\/p>\n<p><strong>Privacidad infantil <\/strong><br \/>Nuestro Servicio no est\u00e1 dirigido a personas menores de 18 a\u00f1os ('Ni\u00f1os'). <br \/>No recopilamos intencionalmente informaci\u00f3n de identificaci\u00f3n personal de ninguna persona menor de 18 a\u00f1os. Si usted es padre o tutor y sabe que sus hijos nos han proporcionado datos personales, comun\u00edquese con nosotros. Si nos damos cuenta de que hemos recopilado datos personales de ni\u00f1os sin verificaci\u00f3n del consentimiento de los padres, tomamos medidas para eliminar esa informaci\u00f3n de nuestros servidores. <\/p>\n<p><strong>Cambios a esta pol\u00edtica de privacidad <\/strong><br \/>Podemos actualizar nuestra Pol\u00edtica de Privacidad de vez en cuando. Le notificaremos cualquier cambio publicando la nueva Pol\u00edtica de Privacidad en esta p\u00e1gina. Le informaremos por correo electr\u00f3nico y\/o un aviso destacado en nuestro Servicio, antes de que el cambio entre en vigor y actualizaremos la 'fecha de entrada en vigor' en la parte superior de esta Pol\u00edtica de Privacidad. Se le recomienda revisar esta Pol\u00edtica de Privacidad peri\u00f3dicamente para detectar cualquier cambio. Los cambios a esta Pol\u00edtica de Privacidad entran en vigencia cuando se publican en esta p\u00e1gina.<\/p>\n<p><strong>Cont\u00e1ctenos <\/strong><br \/>Si tiene alguna pregunta sobre esta Pol\u00edtica de Privacidad, por favor cont\u00e1ctenos: <br \/>Por correo electr\u00f3nico: admin@puertoaventurasyachting.com<\/p>\n<p>\u00a0<\/p>\n<p>\u00a0<\/p>\t\t\t\t\t\t\t\t<\/div>\n\t\t\t\t<\/div>\n\t\t\t\t\t<\/div>\n\t\t\t\t<\/div>\n\t\t\t\t<\/div>","protected":false},"excerpt":{"rendered":"<p>Privacy Policy Effective date: January 2024 &gt;&gt;&gt; Puerto Aventuras Yachting (&#8220;us&#8221;, &#8220;we&#8221;, or &#8220;our&#8221;) operates the https:\/\/www.puertoaventurasyachting.com website (the &#8220;Service&#8221;). This page informs you of our policies regarding the collection, use, and disclosure of personal data when you use our Service and the choices you have associated with that data. Our Privacy Policy for Blue [&hellip;]<\/p>\n","protected":false},"author":1,"featured_media":0,"parent":0,"menu_order":0,"comment_status":"closed","ping_status":"closed","template":"elementor_header_footer","meta":{"footnotes":""},"class_list":["post-3","page","type-page","status-publish","hentry"],"yoast_head":"<!-- This site is optimized with the Yoast SEO plugin v26.8 - https:\/\/yoast.com\/product\/yoast-seo-wordpress\/ -->\n<title>Privacy Policy - Puerto Aventuras Yachting<\/title>\n<meta name=\"robots\" content=\"index, follow, max-snippet:-1, max-image-preview:large, max-video-preview:-1\" \/>\n<link rel=\"canonical\" href=\"https:\/\/puertoaventurasyachting.com\/es\/privacy-policy\/\" \/>\n<meta property=\"og:locale\" content=\"es_MX\" \/>\n<meta property=\"og:type\" content=\"article\" \/>\n<meta property=\"og:title\" content=\"Privacy Policy - Puerto Aventuras Yachting\" \/>\n<meta property=\"og:description\" content=\"Privacy Policy Effective date: January 2024 &gt;&gt;&gt; Puerto Aventuras Yachting (&#8220;us&#8221;, &#8220;we&#8221;, or &#8220;our&#8221;) operates the https:\/\/www.puertoaventurasyachting.com website (the &#8220;Service&#8221;). This page informs you of our policies regarding the collection, use, and disclosure of personal data when you use our Service and the choices you have associated with that data. Our Privacy Policy for Blue [&hellip;]\" \/>\n<meta property=\"og:url\" content=\"https:\/\/puertoaventurasyachting.com\/es\/privacy-policy\/\" \/>\n<meta property=\"og:site_name\" content=\"Puerto Aventuras Yachting\" \/>\n<meta property=\"article:publisher\" content=\"https:\/\/www.facebook.com\/PuertoAventurasYachting\" \/>\n<meta property=\"article:modified_time\" content=\"2024-05-13T22:01:01+00:00\" \/>\n<meta name=\"twitter:card\" content=\"summary_large_image\" \/>\n<meta name=\"twitter:label1\" content=\"Tiempo de lectura\" \/>\n\t<meta name=\"twitter:data1\" content=\"6 minutos\" \/>\n<script type=\"application\/ld+json\" class=\"yoast-schema-graph\">{\"@context\":\"https:\/\/schema.org\",\"@graph\":[{\"@type\":\"WebPage\",\"@id\":\"https:\/\/puertoaventurasyachting.com\/privacy-policy\/\",\"url\":\"https:\/\/puertoaventurasyachting.com\/privacy-policy\/\",\"name\":\"Privacy Policy - Puerto Aventuras Yachting\",\"isPartOf\":{\"@id\":\"https:\/\/puertoaventurasyachting.com\/#website\"},\"datePublished\":\"2024-05-03T19:25:43+00:00\",\"dateModified\":\"2024-05-13T22:01:01+00:00\",\"breadcrumb\":{\"@id\":\"https:\/\/puertoaventurasyachting.com\/privacy-policy\/#breadcrumb\"},\"inLanguage\":\"es\",\"potentialAction\":[{\"@type\":\"ReadAction\",\"target\":[\"https:\/\/puertoaventurasyachting.com\/privacy-policy\/\"]}]},{\"@type\":\"BreadcrumbList\",\"@id\":\"https:\/\/puertoaventurasyachting.com\/privacy-policy\/#breadcrumb\",\"itemListElement\":[{\"@type\":\"ListItem\",\"position\":1,\"name\":\"Home\",\"item\":\"https:\/\/puertoaventurasyachting.com\/\"},{\"@type\":\"ListItem\",\"position\":2,\"name\":\"Privacy Policy\"}]},{\"@type\":\"WebSite\",\"@id\":\"https:\/\/puertoaventurasyachting.com\/#website\",\"url\":\"https:\/\/puertoaventurasyachting.com\/\",\"name\":\"Puerto Aventuras Yachting\",\"description\":\"\",\"publisher\":{\"@id\":\"https:\/\/puertoaventurasyachting.com\/#organization\"},\"potentialAction\":[{\"@type\":\"SearchAction\",\"target\":{\"@type\":\"EntryPoint\",\"urlTemplate\":\"https:\/\/puertoaventurasyachting.com\/?s={search_term_string}\"},\"query-input\":{\"@type\":\"PropertyValueSpecification\",\"valueRequired\":true,\"valueName\":\"search_term_string\"}}],\"inLanguage\":\"es\"},{\"@type\":\"Organization\",\"@id\":\"https:\/\/puertoaventurasyachting.com\/#organization\",\"name\":\"Puerto Aventuras Yachting\",\"url\":\"https:\/\/puertoaventurasyachting.com\/\",\"logo\":{\"@type\":\"ImageObject\",\"inLanguage\":\"es\",\"@id\":\"https:\/\/puertoaventurasyachting.com\/#\/schema\/logo\/image\/\",\"url\":\"https:\/\/puertoaventurasyachting.com\/wp-content\/uploads\/2024\/05\/Logo_Web-02.png\",\"contentUrl\":\"https:\/\/puertoaventurasyachting.com\/wp-content\/uploads\/2024\/05\/Logo_Web-02.png\",\"width\":640,\"height\":480,\"caption\":\"Puerto Aventuras Yachting\"},\"image\":{\"@id\":\"https:\/\/puertoaventurasyachting.com\/#\/schema\/logo\/image\/\"},\"sameAs\":[\"https:\/\/www.facebook.com\/PuertoAventurasYachting\",\"https:\/\/instagram.com\/PuertoAventurasYachting\"]}]}<\/script>\n<!-- \/ Yoast SEO plugin. -->","yoast_head_json":{"title":"Privacy Policy - Puerto Aventuras Yachting","robots":{"index":"index","follow":"follow","max-snippet":"max-snippet:-1","max-image-preview":"max-image-preview:large","max-video-preview":"max-video-preview:-1"},"canonical":"https:\/\/puertoaventurasyachting.com\/es\/privacy-policy\/","og_locale":"es_MX","og_type":"article","og_title":"Privacy Policy - Puerto Aventuras Yachting","og_description":"Privacy Policy Effective date: January 2024 &gt;&gt;&gt; Puerto Aventuras Yachting (&#8220;us&#8221;, &#8220;we&#8221;, or &#8220;our&#8221;) operates the https:\/\/www.puertoaventurasyachting.com website (the &#8220;Service&#8221;). This page informs you of our policies regarding the collection, use, and disclosure of personal data when you use our Service and the choices you have associated with that data. Our Privacy Policy for Blue [&hellip;]","og_url":"https:\/\/puertoaventurasyachting.com\/es\/privacy-policy\/","og_site_name":"Puerto Aventuras Yachting","article_publisher":"https:\/\/www.facebook.com\/PuertoAventurasYachting","article_modified_time":"2024-05-13T22:01:01+00:00","twitter_card":"summary_large_image","twitter_misc":{"Tiempo de lectura":"6 minutos"},"schema":{"@context":"https:\/\/schema.org","@graph":[{"@type":"WebPage","@id":"https:\/\/puertoaventurasyachting.com\/privacy-policy\/","url":"https:\/\/puertoaventurasyachting.com\/privacy-policy\/","name":"Privacy Policy - Puerto Aventuras Yachting","isPartOf":{"@id":"https:\/\/puertoaventurasyachting.com\/#website"},"datePublished":"2024-05-03T19:25:43+00:00","dateModified":"2024-05-13T22:01:01+00:00","breadcrumb":{"@id":"https:\/\/puertoaventurasyachting.com\/privacy-policy\/#breadcrumb"},"inLanguage":"es","potentialAction":[{"@type":"ReadAction","target":["https:\/\/puertoaventurasyachting.com\/privacy-policy\/"]}]},{"@type":"BreadcrumbList","@id":"https:\/\/puertoaventurasyachting.com\/privacy-policy\/#breadcrumb","itemListElement":[{"@type":"ListItem","position":1,"name":"Home","item":"https:\/\/puertoaventurasyachting.com\/"},{"@type":"ListItem","position":2,"name":"Privacy Policy"}]},{"@type":"WebSite","@id":"https:\/\/puertoaventurasyachting.com\/#website","url":"https:\/\/puertoaventurasyachting.com\/","name":"Puerto Aventuras Yachting","description":"","publisher":{"@id":"https:\/\/puertoaventurasyachting.com\/#organization"},"potentialAction":[{"@type":"SearchAction","target":{"@type":"EntryPoint","urlTemplate":"https:\/\/puertoaventurasyachting.com\/?s={search_term_string}"},"query-input":{"@type":"PropertyValueSpecification","valueRequired":true,"valueName":"search_term_string"}}],"inLanguage":"es"},{"@type":"Organization","@id":"https:\/\/puertoaventurasyachting.com\/#organization","name":"Puerto Aventuras Yachting","url":"https:\/\/puertoaventurasyachting.com\/","logo":{"@type":"ImageObject","inLanguage":"es","@id":"https:\/\/puertoaventurasyachting.com\/#\/schema\/logo\/image\/","url":"https:\/\/puertoaventurasyachting.com\/wp-content\/uploads\/2024\/05\/Logo_Web-02.png","contentUrl":"https:\/\/puertoaventurasyachting.com\/wp-content\/uploads\/2024\/05\/Logo_Web-02.png","width":640,"height":480,"caption":"Puerto Aventuras Yachting"},"image":{"@id":"https:\/\/puertoaventurasyachting.com\/#\/schema\/logo\/image\/"},"sameAs":["https:\/\/www.facebook.com\/PuertoAventurasYachting","https:\/\/instagram.com\/PuertoAventurasYachting"]}]}},"_links":{"self":[{"href":"https:\/\/puertoaventurasyachting.com\/es\/wp-json\/wp\/v2\/pages\/3","targetHints":{"allow":["GET"]}}],"collection":[{"href":"https:\/\/puertoaventurasyachting.com\/es\/wp-json\/wp\/v2\/pages"}],"about":[{"href":"https:\/\/puertoaventurasyachting.com\/es\/wp-json\/wp\/v2\/types\/page"}],"author":[{"embeddable":true,"href":"https:\/\/puertoaventurasyachting.com\/es\/wp-json\/wp\/v2\/users\/1"}],"replies":[{"embeddable":true,"href":"https:\/\/puertoaventurasyachting.com\/es\/wp-json\/wp\/v2\/comments?post=3"}],"version-history":[{"count":0,"href":"https:\/\/puertoaventurasyachting.com\/es\/wp-json\/wp\/v2\/pages\/3\/revisions"}],"wp:attachment":[{"href":"https:\/\/puertoaventurasyachting.com\/es\/wp-json\/wp\/v2\/media?parent=3"}],"curies":[{"name":"wp","href":"https:\/\/api.w.org\/{rel}","templated":true}]}}