{"id":354,"date":"2021-09-08T08:11:06","date_gmt":"2021-09-08T08:11:06","guid":{"rendered":"https:\/\/qi107.qodeinteractive.com\/?page_id=354"},"modified":"2024-06-04T13:04:51","modified_gmt":"2024-06-04T20:04:51","slug":"about-us","status":"publish","type":"page","link":"https:\/\/puertoaventurasyachting.com\/es\/about-us\/","title":{"rendered":"Nosotros"},"content":{"rendered":"<div data-elementor-type=\"wp-page\" data-elementor-id=\"354\" class=\"elementor elementor-354\" data-elementor-post-type=\"page\">\n\t\t\t\t\t\t<section class=\"elementor-section elementor-top-section elementor-element elementor-element-98a2484 elementor-section-full_width elementor-section-height-min-height elementor-section-items-top elementor-section-content-top elementor-section-height-default qodef-elementor-content-no\" data-id=\"98a2484\" data-element_type=\"section\" data-e-type=\"section\">\n\t\t\t\t\t\t<div class=\"elementor-container elementor-column-gap-default\">\n\t\t\t\t\t<div class=\"elementor-column elementor-col-100 elementor-top-column elementor-element elementor-element-6cd9ceb qodef-sticky-column--no\" data-id=\"6cd9ceb\" data-element_type=\"column\" data-e-type=\"column\">\n\t\t\t<div class=\"elementor-widget-wrap elementor-element-populated\">\n\t\t\t\t\t\t<div class=\"elementor-element elementor-element-ab9714b elementor-widget elementor-widget-qi_addons_for_elementor_image_slider\" data-id=\"ab9714b\" data-element_type=\"widget\" data-e-type=\"widget\" data-widget_type=\"qi_addons_for_elementor_image_slider.default\">\n\t\t\t\t<div class=\"elementor-widget-container\">\n\t\t\t\t\t<div class=\"qodef-shortcode qodef-m qodef-qi-image-slider qodef-col-num--1 qodef-qi-grid qodef-qi-swiper-container\" data-options=\"{&quot;direction&quot;:&quot;horizontal&quot;,&quot;slidesPerView&quot;:&quot;1&quot;,&quot;spaceBetween&quot;:0,&quot;spaceBetweenTablet&quot;:0,&quot;spaceBetweenMobile&quot;:30,&quot;effect&quot;:&quot;fade&quot;,&quot;loop&quot;:true,&quot;autoplay&quot;:true,&quot;centeredSlides&quot;:true,&quot;speed&quot;:&quot;&quot;,&quot;speedAnimation&quot;:&quot;&quot;,&quot;outsideNavigation&quot;:&quot;no&quot;,&quot;outsidePagination&quot;:&quot;no&quot;,&quot;unique&quot;:133,&quot;partialValue&quot;:0,&quot;disablePartialValue&quot;:&quot;&quot;,&quot;parallax&quot;:&quot;no&quot;}\">\n\t<div class=\"swiper-wrapper\">\n\t\t<div class=\"qodef-e swiper-slide\">\n\t<div class=\"qodef-e-inner\">\n\t\t<div class=\"qodef-e-inner-holder\">\n\t\t\t\t\t\t\t<img fetchpriority=\"high\" decoding=\"async\" width=\"2000\" height=\"1402\" src=\"https:\/\/puertoaventurasyachting.com\/wp-content\/uploads\/2024\/05\/Puerto-Aventuras-Yachting-203.jpg\" class=\"attachment-full size-full\" alt=\"\" srcset=\"https:\/\/puertoaventurasyachting.com\/wp-content\/uploads\/2024\/05\/Puerto-Aventuras-Yachting-203.jpg 2000w, https:\/\/puertoaventurasyachting.com\/wp-content\/uploads\/2024\/05\/Puerto-Aventuras-Yachting-203-300x210.jpg 300w, https:\/\/puertoaventurasyachting.com\/wp-content\/uploads\/2024\/05\/Puerto-Aventuras-Yachting-203-1024x718.jpg 1024w, https:\/\/puertoaventurasyachting.com\/wp-content\/uploads\/2024\/05\/Puerto-Aventuras-Yachting-203-768x538.jpg 768w, https:\/\/puertoaventurasyachting.com\/wp-content\/uploads\/2024\/05\/Puerto-Aventuras-Yachting-203-1536x1077.jpg 1536w, https:\/\/puertoaventurasyachting.com\/wp-content\/uploads\/2024\/05\/Puerto-Aventuras-Yachting-203-18x12.jpg 18w\" sizes=\"(max-width: 2000px) 100vw, 2000px\" \/>\t\t\t\t\t<\/div>\n\t<\/div>\n\t<\/div>\n\t<\/div>\n\t<\/div>\n\t\t\t\t<\/div>\n\t\t\t\t<\/div>\n\t\t\t\t<div class=\"elementor-element elementor-element-b65d20e elementor-widget__width-initial elementor-absolute elementor-widget-mobile__width-inherit elementor-widget elementor-widget-qi_addons_for_elementor_section_title\" data-id=\"b65d20e\" data-element_type=\"widget\" data-e-type=\"widget\" data-settings=\"{&quot;_position&quot;:&quot;absolute&quot;}\" data-widget_type=\"qi_addons_for_elementor_section_title.default\">\n\t\t\t\t<div class=\"elementor-widget-container\">\n\t\t\t\t\t<div class=\"qodef-shortcode qodef-m qodef-qi-section-title qodef-decoration--italic qodef-link--underline-draw qodef-subtitle-icon--left\">\n\t\t\t\t<h5 class=\"qodef-m-subtitle\">\n\t\tSOBRE NOSOTROS\t\t\t<\/h5>\n\t\t\t<h1 class=\"qodef-m-title\">\n\t\tBienvenido a bordo de nuestras aventuras en yate.\t<\/h1>\n\t\t\t<div class=\"qodef-m-text\"><p>En La Riviera Maya<\/p><\/div>\n\t<\/div>\n\t\t\t\t<\/div>\n\t\t\t\t<\/div>\n\t\t\t\t<div class=\"elementor-element elementor-element-77958ad elementor-absolute elementor-hidden-mobile elementor-widget__width-auto elementor-widget elementor-widget-qi_addons_for_elementor_premium_social_links\" data-id=\"77958ad\" data-element_type=\"widget\" data-e-type=\"widget\" data-settings=\"{&quot;_position&quot;:&quot;absolute&quot;}\" data-widget_type=\"qi_addons_for_elementor_premium_social_links.default\">\n\t\t\t\t<div class=\"elementor-widget-container\">\n\t\t\t\t\t<div class=\"qodef-shortcode qodef-m qodef-qi-social-links qodef-layout--icon qodef-direction--horizontal qodef-rotate--left qodef-has-label\">\n    <div class=\"qodef-m-content\">\n                    <span class=\"qode-e-label\">S\u00edganos<\/span>\n                            <div class=\"qodef-m-items-holder\">\n                                    <a href=\"https:\/\/www.facebook.com\/PuertoAventurasYachting%20\" target=\"_blank\">\n                        <span class=\"qodef-m-icon\">\n                            <svg xmlns=\"http:\/\/www.w3.org\/2000\/svg\" width=\"35\" height=\"35\" viewbox=\"0 0 35 35\" style=\"fill:#ffffff;\"><path d=\"M17.5,35A17.5,17.5,0,1,1,35,17.5,17.52,17.52,0,0,1,17.5,35Zm0-34A16.53,16.53,0,1,0,34,17.5,16.55,16.55,0,0,0,17.5,1Z\"><\/path><path d=\"M16.25,17.5H15V15.78h1.25v-1a2.76,2.76,0,0,1,.43-1.71,1.93,1.93,0,0,1,1.6-.56H20v1.72H18.81c-.3,0-.49,0-.57.16a.91.91,0,0,0-.11.54v.86H20l-.18,1.72H18.13v5H16.25Z\"><\/path><\/svg>                        <\/span>\n                    <\/a>\n                                    <a href=\"https:\/\/instagram.com\/PuertoAventurasYachting%20\" target=\"_blank\">\n                        <span class=\"qodef-m-icon\">\n                            <svg xmlns=\"http:\/\/www.w3.org\/2000\/svg\" id=\"Layer_1\" data-name=\"Layer 1\" viewbox=\"0 0 35 35\"><title>iginnerr<\/title><path d=\"M17.5,35A17.5,17.5,0,1,1,35,17.5,17.51,17.51,0,0,1,17.5,35Zm0-34A16.53,16.53,0,1,0,34,17.56V17.5A16.55,16.55,0,0,0,17.5,1Z\" transform=\"translate(0 0)\"><\/path><path d=\"M14.45,10A4.42,4.42,0,0,0,10,14.45v6.1A4.42,4.42,0,0,0,14.45,25h6.1A4.42,4.42,0,0,0,25,20.55v-6.1A4.42,4.42,0,0,0,20.55,10Zm0,.68h6.1a3.72,3.72,0,0,1,3.73,3.73v6.1a3.72,3.72,0,0,1-3.73,3.73h-6.1a3.72,3.72,0,0,1-3.73-3.73v-6.1A3.72,3.72,0,0,1,14.45,10.72Zm7.12,2a.68.68,0,1,0,.68.68A.68.68,0,0,0,21.57,12.75Zm-4.07,1a3.73,3.73,0,1,0,3.73,3.73A3.73,3.73,0,0,0,17.5,13.77Zm0,.68a3.05,3.05,0,1,1-3.05,3.05A3,3,0,0,1,17.5,14.45Z\" transform=\"translate(0 0)\"><\/path><\/svg>                        <\/span>\n                    <\/a>\n                            <\/div>\n            <\/div>\n<\/div>\t\t\t\t<\/div>\n\t\t\t\t<\/div>\n\t\t\t\t\t<\/div>\n\t\t<\/div>\n\t\t\t\t\t<\/div>\n\t\t<\/section>\n\t\t\t\t<section class=\"elementor-section elementor-top-section elementor-element elementor-element-58a8319 elementor-section-full_width qodef-elementor-content-grid elementor-section-height-default elementor-section-height-default\" data-id=\"58a8319\" data-element_type=\"section\" data-e-type=\"section\">\n\t\t\t\t\t\t<div class=\"elementor-container elementor-column-gap-default\">\n\t\t\t\t\t<div class=\"elementor-column elementor-col-50 elementor-top-column elementor-element elementor-element-344e7f1 qodef-sticky-column--no\" data-id=\"344e7f1\" data-element_type=\"column\" data-e-type=\"column\">\n\t\t\t<div class=\"elementor-widget-wrap elementor-element-populated\">\n\t\t\t\t\t\t<div class=\"elementor-element elementor-element-a08e7d3 elementor-widget__width-initial elementor-widget-tablet__width-inherit elementor-widget elementor-widget-qi_addons_for_elementor_section_title\" data-id=\"a08e7d3\" data-element_type=\"widget\" data-e-type=\"widget\" data-widget_type=\"qi_addons_for_elementor_section_title.default\">\n\t\t\t\t<div class=\"elementor-widget-container\">\n\t\t\t\t\t<div class=\"qodef-shortcode qodef-m qodef-qi-section-title qodef-decoration--italic qodef-link--underline-draw qodef-subtitle-icon--left\">\n\t\t\t\t\t\t<h2 class=\"qodef-m-title\">\n\t\tTenemos barcos que transmiten emoci\u00f3n\t<\/h2>\n\t\t\t<\/div>\n\t\t\t\t<\/div>\n\t\t\t\t<\/div>\n\t\t\t\t\t<\/div>\n\t\t<\/div>\n\t\t\t\t<div class=\"elementor-column elementor-col-50 elementor-top-column elementor-element elementor-element-872b3cb qodef-sticky-column--no\" data-id=\"872b3cb\" data-element_type=\"column\" data-e-type=\"column\">\n\t\t\t<div class=\"elementor-widget-wrap elementor-element-populated\">\n\t\t\t\t\t\t<div class=\"elementor-element elementor-element-a81d1ec elementor-widget-tablet__width-inherit elementor-widget elementor-widget-text-editor\" data-id=\"a81d1ec\" data-element_type=\"widget\" data-e-type=\"widget\" data-widget_type=\"text-editor.default\">\n\t\t\t\t<div class=\"elementor-widget-container\">\n\t\t\t\t\t\t\t\t\t<p>Bienvenido a nuestras aventuras en yate en la Riviera Maya, donde cada viaje es una experiencia inolvidable creada por tres amigos apasionados por la exploraci\u00f3n y el lujo.<\/p><p>Inspir\u00e1ndonos en nuestro amor compartido por el mar, el compromiso con su preservaci\u00f3n y la dedicaci\u00f3n a crear momentos extraordinarios, nos propusimos la misi\u00f3n de ofrecer experiencias de navegaci\u00f3n a vela incomparables en la Riviera Maya.<\/p>\t\t\t\t\t\t\t\t<\/div>\n\t\t\t\t<\/div>\n\t\t\t\t\t<\/div>\n\t\t<\/div>\n\t\t\t\t\t<\/div>\n\t\t<\/section>\n\t\t\t\t<section class=\"elementor-section elementor-top-section elementor-element elementor-element-7e793c3 elementor-section-full_width qodef-elementor-content-grid elementor-section-height-default elementor-section-height-default\" data-id=\"7e793c3\" data-element_type=\"section\" data-e-type=\"section\">\n\t\t\t\t\t\t<div class=\"elementor-container elementor-column-gap-default\">\n\t\t\t\t\t<div class=\"elementor-column elementor-col-100 elementor-top-column elementor-element elementor-element-b8da628 qodef-sticky-column--no\" data-id=\"b8da628\" data-element_type=\"column\" data-e-type=\"column\">\n\t\t\t<div class=\"elementor-widget-wrap elementor-element-populated\">\n\t\t\t\t\t\t<div class=\"elementor-element elementor-element-f4d21a8 elementor-widget elementor-widget-image\" data-id=\"f4d21a8\" data-element_type=\"widget\" data-e-type=\"widget\" data-widget_type=\"image.default\">\n\t\t\t\t<div class=\"elementor-widget-container\">\n\t\t\t\t\t\t\t\t\t\t\t\t\t\t\t<img decoding=\"async\" width=\"1300\" height=\"512\" src=\"https:\/\/puertoaventurasyachting.com\/wp-content\/uploads\/2021\/09\/about-img-1.jpg\" class=\"attachment-full size-full wp-image-373\" alt=\"aa\" srcset=\"https:\/\/puertoaventurasyachting.com\/wp-content\/uploads\/2021\/09\/about-img-1.jpg 1300w, https:\/\/puertoaventurasyachting.com\/wp-content\/uploads\/2021\/09\/about-img-1-300x118.jpg 300w, https:\/\/puertoaventurasyachting.com\/wp-content\/uploads\/2021\/09\/about-img-1-1024x403.jpg 1024w, https:\/\/puertoaventurasyachting.com\/wp-content\/uploads\/2021\/09\/about-img-1-768x302.jpg 768w\" sizes=\"(max-width: 1300px) 100vw, 1300px\" \/>\t\t\t\t\t\t\t\t\t\t\t\t\t\t\t<\/div>\n\t\t\t\t<\/div>\n\t\t\t\t\t<\/div>\n\t\t<\/div>\n\t\t\t\t\t<\/div>\n\t\t<\/section>\n\t\t\t\t<section class=\"elementor-section elementor-top-section elementor-element elementor-element-7e97606 elementor-section-full_width qodef-elementor-content-grid elementor-section-height-default elementor-section-height-default\" data-id=\"7e97606\" data-element_type=\"section\" data-e-type=\"section\" data-settings=\"{&quot;background_background&quot;:&quot;classic&quot;}\">\n\t\t\t\t\t\t<div class=\"elementor-container elementor-column-gap-default\">\n\t\t\t\t\t<div class=\"elementor-column elementor-col-50 elementor-top-column elementor-element elementor-element-8efeb09 qodef-sticky-column--no\" data-id=\"8efeb09\" data-element_type=\"column\" data-e-type=\"column\">\n\t\t\t<div class=\"elementor-widget-wrap elementor-element-populated\">\n\t\t\t\t\t\t<div class=\"elementor-element elementor-element-bdad296 elementor-widget elementor-widget-image\" data-id=\"bdad296\" data-element_type=\"widget\" data-e-type=\"widget\" data-widget_type=\"image.default\">\n\t\t\t\t<div class=\"elementor-widget-container\">\n\t\t\t\t\t\t\t\t\t\t\t\t\t\t\t<img decoding=\"async\" width=\"1333\" height=\"1514\" src=\"https:\/\/puertoaventurasyachting.com\/wp-content\/uploads\/2024\/05\/Puerto-Aventuras-Yachting-161.jpg\" class=\"attachment-full size-full wp-image-2398\" alt=\"\" srcset=\"https:\/\/puertoaventurasyachting.com\/wp-content\/uploads\/2024\/05\/Puerto-Aventuras-Yachting-161.jpg 1333w, https:\/\/puertoaventurasyachting.com\/wp-content\/uploads\/2024\/05\/Puerto-Aventuras-Yachting-161-264x300.jpg 264w, https:\/\/puertoaventurasyachting.com\/wp-content\/uploads\/2024\/05\/Puerto-Aventuras-Yachting-161-902x1024.jpg 902w, https:\/\/puertoaventurasyachting.com\/wp-content\/uploads\/2024\/05\/Puerto-Aventuras-Yachting-161-768x872.jpg 768w, https:\/\/puertoaventurasyachting.com\/wp-content\/uploads\/2024\/05\/Puerto-Aventuras-Yachting-161-11x12.jpg 11w\" sizes=\"(max-width: 1333px) 100vw, 1333px\" \/>\t\t\t\t\t\t\t\t\t\t\t\t\t\t\t<\/div>\n\t\t\t\t<\/div>\n\t\t\t\t\t<\/div>\n\t\t<\/div>\n\t\t\t\t<div class=\"elementor-column elementor-col-50 elementor-top-column elementor-element elementor-element-ddeea1f qodef-sticky-column--no\" data-id=\"ddeea1f\" data-element_type=\"column\" data-e-type=\"column\">\n\t\t\t<div class=\"elementor-widget-wrap elementor-element-populated\">\n\t\t\t\t\t\t<div class=\"elementor-element elementor-element-e372293 elementor-widget__width-initial elementor-widget-tablet__width-inherit elementor-widget elementor-widget-qi_addons_for_elementor_section_title\" data-id=\"e372293\" data-element_type=\"widget\" data-e-type=\"widget\" data-widget_type=\"qi_addons_for_elementor_section_title.default\">\n\t\t\t\t<div class=\"elementor-widget-container\">\n\t\t\t\t\t<div class=\"qodef-shortcode qodef-m qodef-qi-section-title qodef-decoration--italic qodef-link--underline-draw qodef-subtitle-icon--left\">\n\t\t\t\t\t\t<h2 class=\"qodef-m-title\">\n\t\t\u00danete a la aventura llamada viaje de tu vida\t<\/h2>\n\t\t\t<div class=\"qodef-m-text\"><p>Con a\u00f1os de experiencia navegando por estas aguas cristalinas, aportamos una combinaci\u00f3n de experiencia, hospitalidad y entusiasmo a cada viaje. Nuestro objetivo es simple: brindarle la mejor experiencia de navegaci\u00f3n en yate, donde la aventura se encuentra con el lujo y cada momento est\u00e1 lleno de emoci\u00f3n y relajaci\u00f3n.<\/p><p>\u00danase a nosotros a bordo mientras navegamos por aguas turquesas, descubrimos gemas escondidas a lo largo de la costa y creamos recuerdos que durar\u00e1n toda la vida.<\/p><\/div>\n\t\t<div class=\"qodef-m-button qodef-qi-clear\">\n\t\t<a class=\"qodef-shortcode qodef-m qodef-qi-button qodef-html--link qodef-layout--filled qodef-type--standard qodef-icon--right qodef-hover--icon-move-horizontal-short\" href=\"https:\/\/puertoaventurasyachting.com\/es\/contact\/\" target=\"_self\">\t<span class=\"qodef-m-text\">Saber m\u00e1s<\/span>\t<\/a>\t<\/div>\n<\/div>\n\t\t\t\t<\/div>\n\t\t\t\t<\/div>\n\t\t\t\t\t<\/div>\n\t\t<\/div>\n\t\t\t\t\t<\/div>\n\t\t<\/section>\n\t\t\t\t<\/div>","protected":false},"excerpt":{"rendered":"<p>ABOUT US Welcome aboard our yachting adventures In The Riviera Maya Follow us iginnerr We have boats that carry emotion Welcome to our yachting adventures in the Riviera Maya, where every journey is an unforgettable experience crafted by three friends with a passion for exploration and luxury. Inspired by our shared love for the sea, [&hellip;]<\/p>\n","protected":false},"author":1,"featured_media":0,"parent":0,"menu_order":0,"comment_status":"closed","ping_status":"closed","template":"elementor_header_footer","meta":{"footnotes":""},"class_list":["post-354","page","type-page","status-publish","hentry"],"yoast_head":"<!-- This site is optimized with the Yoast SEO plugin v26.8 - https:\/\/yoast.com\/product\/yoast-seo-wordpress\/ -->\n<title>About Us - Puerto Aventuras Yachting<\/title>\n<meta name=\"robots\" content=\"index, follow, max-snippet:-1, max-image-preview:large, max-video-preview:-1\" \/>\n<link rel=\"canonical\" href=\"https:\/\/puertoaventurasyachting.com\/es\/about-us\/\" \/>\n<meta property=\"og:locale\" content=\"es_MX\" \/>\n<meta property=\"og:type\" content=\"article\" \/>\n<meta property=\"og:title\" content=\"About Us - Puerto Aventuras Yachting\" \/>\n<meta property=\"og:description\" content=\"ABOUT US Welcome aboard our yachting adventures In The Riviera Maya Follow us iginnerr We have boats that carry emotion Welcome to our yachting adventures in the Riviera Maya, where every journey is an unforgettable experience crafted by three friends with a passion for exploration and luxury. Inspired by our shared love for the sea, [&hellip;]\" \/>\n<meta property=\"og:url\" content=\"https:\/\/puertoaventurasyachting.com\/es\/about-us\/\" \/>\n<meta property=\"og:site_name\" content=\"Puerto Aventuras Yachting\" \/>\n<meta property=\"article:publisher\" content=\"https:\/\/www.facebook.com\/PuertoAventurasYachting\" \/>\n<meta property=\"article:modified_time\" content=\"2024-06-04T20:04:51+00:00\" \/>\n<meta property=\"og:image\" content=\"https:\/\/puertoaventurasyachting.com\/wp-content\/uploads\/2024\/05\/Puerto-Aventuras-Yachting-203.jpg\" \/>\n<meta name=\"twitter:card\" content=\"summary_large_image\" \/>\n<meta name=\"twitter:label1\" content=\"Tiempo de lectura\" \/>\n\t<meta name=\"twitter:data1\" content=\"2 minutos\" \/>\n<script type=\"application\/ld+json\" class=\"yoast-schema-graph\">{\"@context\":\"https:\/\/schema.org\",\"@graph\":[{\"@type\":\"WebPage\",\"@id\":\"https:\/\/puertoaventurasyachting.com\/about-us\/\",\"url\":\"https:\/\/puertoaventurasyachting.com\/about-us\/\",\"name\":\"About Us - Puerto Aventuras Yachting\",\"isPartOf\":{\"@id\":\"https:\/\/puertoaventurasyachting.com\/#website\"},\"primaryImageOfPage\":{\"@id\":\"https:\/\/puertoaventurasyachting.com\/about-us\/#primaryimage\"},\"image\":{\"@id\":\"https:\/\/puertoaventurasyachting.com\/about-us\/#primaryimage\"},\"thumbnailUrl\":\"https:\/\/puertoaventurasyachting.com\/wp-content\/uploads\/2024\/05\/Puerto-Aventuras-Yachting-203.jpg\",\"datePublished\":\"2021-09-08T08:11:06+00:00\",\"dateModified\":\"2024-06-04T20:04:51+00:00\",\"breadcrumb\":{\"@id\":\"https:\/\/puertoaventurasyachting.com\/about-us\/#breadcrumb\"},\"inLanguage\":\"es\",\"potentialAction\":[{\"@type\":\"ReadAction\",\"target\":[\"https:\/\/puertoaventurasyachting.com\/about-us\/\"]}]},{\"@type\":\"ImageObject\",\"inLanguage\":\"es\",\"@id\":\"https:\/\/puertoaventurasyachting.com\/about-us\/#primaryimage\",\"url\":\"https:\/\/puertoaventurasyachting.com\/wp-content\/uploads\/2024\/05\/Puerto-Aventuras-Yachting-203.jpg\",\"contentUrl\":\"https:\/\/puertoaventurasyachting.com\/wp-content\/uploads\/2024\/05\/Puerto-Aventuras-Yachting-203.jpg\"},{\"@type\":\"BreadcrumbList\",\"@id\":\"https:\/\/puertoaventurasyachting.com\/about-us\/#breadcrumb\",\"itemListElement\":[{\"@type\":\"ListItem\",\"position\":1,\"name\":\"Home\",\"item\":\"https:\/\/puertoaventurasyachting.com\/\"},{\"@type\":\"ListItem\",\"position\":2,\"name\":\"About Us\"}]},{\"@type\":\"WebSite\",\"@id\":\"https:\/\/puertoaventurasyachting.com\/#website\",\"url\":\"https:\/\/puertoaventurasyachting.com\/\",\"name\":\"Puerto Aventuras Yachting\",\"description\":\"\",\"publisher\":{\"@id\":\"https:\/\/puertoaventurasyachting.com\/#organization\"},\"potentialAction\":[{\"@type\":\"SearchAction\",\"target\":{\"@type\":\"EntryPoint\",\"urlTemplate\":\"https:\/\/puertoaventurasyachting.com\/?s={search_term_string}\"},\"query-input\":{\"@type\":\"PropertyValueSpecification\",\"valueRequired\":true,\"valueName\":\"search_term_string\"}}],\"inLanguage\":\"es\"},{\"@type\":\"Organization\",\"@id\":\"https:\/\/puertoaventurasyachting.com\/#organization\",\"name\":\"Puerto Aventuras Yachting\",\"url\":\"https:\/\/puertoaventurasyachting.com\/\",\"logo\":{\"@type\":\"ImageObject\",\"inLanguage\":\"es\",\"@id\":\"https:\/\/puertoaventurasyachting.com\/#\/schema\/logo\/image\/\",\"url\":\"https:\/\/puertoaventurasyachting.com\/wp-content\/uploads\/2024\/05\/Logo_Web-02.png\",\"contentUrl\":\"https:\/\/puertoaventurasyachting.com\/wp-content\/uploads\/2024\/05\/Logo_Web-02.png\",\"width\":640,\"height\":480,\"caption\":\"Puerto Aventuras Yachting\"},\"image\":{\"@id\":\"https:\/\/puertoaventurasyachting.com\/#\/schema\/logo\/image\/\"},\"sameAs\":[\"https:\/\/www.facebook.com\/PuertoAventurasYachting\",\"https:\/\/instagram.com\/PuertoAventurasYachting\"]}]}<\/script>\n<!-- \/ Yoast SEO plugin. -->","yoast_head_json":{"title":"About Us - Puerto Aventuras Yachting","robots":{"index":"index","follow":"follow","max-snippet":"max-snippet:-1","max-image-preview":"max-image-preview:large","max-video-preview":"max-video-preview:-1"},"canonical":"https:\/\/puertoaventurasyachting.com\/es\/about-us\/","og_locale":"es_MX","og_type":"article","og_title":"About Us - Puerto Aventuras Yachting","og_description":"ABOUT US Welcome aboard our yachting adventures In The Riviera Maya Follow us iginnerr We have boats that carry emotion Welcome to our yachting adventures in the Riviera Maya, where every journey is an unforgettable experience crafted by three friends with a passion for exploration and luxury. Inspired by our shared love for the sea, [&hellip;]","og_url":"https:\/\/puertoaventurasyachting.com\/es\/about-us\/","og_site_name":"Puerto Aventuras Yachting","article_publisher":"https:\/\/www.facebook.com\/PuertoAventurasYachting","article_modified_time":"2024-06-04T20:04:51+00:00","og_image":[{"url":"https:\/\/puertoaventurasyachting.com\/wp-content\/uploads\/2024\/05\/Puerto-Aventuras-Yachting-203.jpg","type":"","width":"","height":""}],"twitter_card":"summary_large_image","twitter_misc":{"Tiempo de lectura":"2 minutos"},"schema":{"@context":"https:\/\/schema.org","@graph":[{"@type":"WebPage","@id":"https:\/\/puertoaventurasyachting.com\/about-us\/","url":"https:\/\/puertoaventurasyachting.com\/about-us\/","name":"About Us - Puerto Aventuras Yachting","isPartOf":{"@id":"https:\/\/puertoaventurasyachting.com\/#website"},"primaryImageOfPage":{"@id":"https:\/\/puertoaventurasyachting.com\/about-us\/#primaryimage"},"image":{"@id":"https:\/\/puertoaventurasyachting.com\/about-us\/#primaryimage"},"thumbnailUrl":"https:\/\/puertoaventurasyachting.com\/wp-content\/uploads\/2024\/05\/Puerto-Aventuras-Yachting-203.jpg","datePublished":"2021-09-08T08:11:06+00:00","dateModified":"2024-06-04T20:04:51+00:00","breadcrumb":{"@id":"https:\/\/puertoaventurasyachting.com\/about-us\/#breadcrumb"},"inLanguage":"es","potentialAction":[{"@type":"ReadAction","target":["https:\/\/puertoaventurasyachting.com\/about-us\/"]}]},{"@type":"ImageObject","inLanguage":"es","@id":"https:\/\/puertoaventurasyachting.com\/about-us\/#primaryimage","url":"https:\/\/puertoaventurasyachting.com\/wp-content\/uploads\/2024\/05\/Puerto-Aventuras-Yachting-203.jpg","contentUrl":"https:\/\/puertoaventurasyachting.com\/wp-content\/uploads\/2024\/05\/Puerto-Aventuras-Yachting-203.jpg"},{"@type":"BreadcrumbList","@id":"https:\/\/puertoaventurasyachting.com\/about-us\/#breadcrumb","itemListElement":[{"@type":"ListItem","position":1,"name":"Home","item":"https:\/\/puertoaventurasyachting.com\/"},{"@type":"ListItem","position":2,"name":"About Us"}]},{"@type":"WebSite","@id":"https:\/\/puertoaventurasyachting.com\/#website","url":"https:\/\/puertoaventurasyachting.com\/","name":"Puerto Aventuras Yachting","description":"","publisher":{"@id":"https:\/\/puertoaventurasyachting.com\/#organization"},"potentialAction":[{"@type":"SearchAction","target":{"@type":"EntryPoint","urlTemplate":"https:\/\/puertoaventurasyachting.com\/?s={search_term_string}"},"query-input":{"@type":"PropertyValueSpecification","valueRequired":true,"valueName":"search_term_string"}}],"inLanguage":"es"},{"@type":"Organization","@id":"https:\/\/puertoaventurasyachting.com\/#organization","name":"Puerto Aventuras Yachting","url":"https:\/\/puertoaventurasyachting.com\/","logo":{"@type":"ImageObject","inLanguage":"es","@id":"https:\/\/puertoaventurasyachting.com\/#\/schema\/logo\/image\/","url":"https:\/\/puertoaventurasyachting.com\/wp-content\/uploads\/2024\/05\/Logo_Web-02.png","contentUrl":"https:\/\/puertoaventurasyachting.com\/wp-content\/uploads\/2024\/05\/Logo_Web-02.png","width":640,"height":480,"caption":"Puerto Aventuras Yachting"},"image":{"@id":"https:\/\/puertoaventurasyachting.com\/#\/schema\/logo\/image\/"},"sameAs":["https:\/\/www.facebook.com\/PuertoAventurasYachting","https:\/\/instagram.com\/PuertoAventurasYachting"]}]}},"_links":{"self":[{"href":"https:\/\/puertoaventurasyachting.com\/es\/wp-json\/wp\/v2\/pages\/354","targetHints":{"allow":["GET"]}}],"collection":[{"href":"https:\/\/puertoaventurasyachting.com\/es\/wp-json\/wp\/v2\/pages"}],"about":[{"href":"https:\/\/puertoaventurasyachting.com\/es\/wp-json\/wp\/v2\/types\/page"}],"author":[{"embeddable":true,"href":"https:\/\/puertoaventurasyachting.com\/es\/wp-json\/wp\/v2\/users\/1"}],"replies":[{"embeddable":true,"href":"https:\/\/puertoaventurasyachting.com\/es\/wp-json\/wp\/v2\/comments?post=354"}],"version-history":[{"count":1,"href":"https:\/\/puertoaventurasyachting.com\/es\/wp-json\/wp\/v2\/pages\/354\/revisions"}],"predecessor-version":[{"id":3278,"href":"https:\/\/puertoaventurasyachting.com\/es\/wp-json\/wp\/v2\/pages\/354\/revisions\/3278"}],"wp:attachment":[{"href":"https:\/\/puertoaventurasyachting.com\/es\/wp-json\/wp\/v2\/media?parent=354"}],"curies":[{"name":"wp","href":"https:\/\/api.w.org\/{rel}","templated":true}]}}